{"id":50,"date":"2024-02-02T21:50:48","date_gmt":"2024-02-02T20:50:48","guid":{"rendered":"http:\/\/edouardessig.com\/?page_id=50"},"modified":"2024-09-01T22:05:54","modified_gmt":"2024-09-01T20:05:54","slug":"nouvelles","status":"publish","type":"page","link":"https:\/\/edouardessig.com\/index.php\/nouvelles\/","title":{"rendered":"Nouvelles"},"content":{"rendered":"\n<div class=\"wp-block-cover alignfull is-light\"><span aria-hidden=\"true\" class=\"wp-block-cover__background has-background-dim-0 has-background-dim\" style=\"background-color:#f3f3f3\"><\/span><div class=\"wp-block-cover__inner-container has-global-padding is-layout-constrained wp-block-cover-is-layout-constrained\">\n<div class=\"wp-block-group alignfull has-global-padding is-layout-constrained wp-container-core-group-is-layout-7cffe988 wp-block-group-is-layout-constrained\" style=\"padding-top:180px;padding-bottom:80px\">\n<div class=\"wp-block-columns alignwide is-layout-flex wp-container-core-columns-is-layout-bad5dd0e wp-block-columns-is-layout-flex\">\n<div class=\"wp-block-column is-layout-flow wp-container-core-column-is-layout-1284340a wp-block-column-is-layout-flow\" style=\"padding-right:10px;padding-left:10px;flex-basis:60%\">\n<div class=\"wp-block-group has-global-padding is-content-justification-left is-layout-constrained wp-container-core-group-is-layout-aaf2b7b1 wp-block-group-is-layout-constrained\" style=\"padding-bottom:10px\">\n<h6 class=\"wp-block-heading has-text-color has-link-color wp-elements-b95982f2b01ecaaba4bfb75a19c770e0\" style=\"color:#959e95;font-size:clamp(0.875rem, 0.875rem + ((1vw - 0.2rem) * 0.045), 0.9rem);font-style:normal;font-weight:500\">Mes nouvelles<\/h6>\n\n\n\n<h2 class=\"wp-block-heading has-text-color has-link-color has-hedvig-letters-serif-regular-font-family wp-elements-eb1ff6b846d4c8c8b13596f691071037\" style=\"color:#242925;font-size:clamp(1.551rem, 1.551rem + ((1vw - 0.2rem) * 1.907), 2.6rem);\">Un \u00e9chantillon de r\u00e9cit<\/h2>\n\n\n\n<p class=\"justifier\" style=\"margin-top:30px\">Pour satisfaire les curieux, je mets \u00e0 disposition des nouvelles produites dans plusieurs cadres diff\u00e9rents : r\u00e9ponses aux appels \u00e0 textes, comp\u00e9titions entre coll\u00e8gues \u00e9crivains, envies personnelles de raconter une situation particuli\u00e8re. Toutes n&rsquo;ont pas le m\u00eame objectif, mais le ton reste identique afin de construire un ensemble coh\u00e9rent.<\/p>\n\n\n\n<p class=\"justifier\" style=\"margin-top:30px\">Rien de mieux qu&rsquo;un court r\u00e9cit pour se donner l&rsquo;id\u00e9e de la production d&rsquo;un inconnu. Nos illustres pr\u00e9d\u00e9cesseurs s&rsquo;essayaient sans doute \u00e0 l&rsquo;exercice pour les m\u00eames raisons, n&rsquo;est-ce pas ? <\/p>\n<\/div>\n<\/div>\n\n\n\n<div class=\"wp-block-column is-layout-flow wp-block-column-is-layout-flow\" style=\"padding-right:10px;padding-left:10px;flex-basis:40%\">\n<figure class=\"wp-block-image size-full is-resized has-custom-border\"><img loading=\"lazy\" decoding=\"async\" width=\"1024\" height=\"846\" src=\"https:\/\/edouardessig.com\/wp-content\/uploads\/2024\/05\/BROWN-A-Tough-Story-52_9_5-1024x846-2.jpg\" alt=\"\" class=\"wp-image-217\" style=\"border-radius:16px;width:493px;height:auto\" srcset=\"https:\/\/edouardessig.com\/wp-content\/uploads\/2024\/05\/BROWN-A-Tough-Story-52_9_5-1024x846-2.jpg 1024w, https:\/\/edouardessig.com\/wp-content\/uploads\/2024\/05\/BROWN-A-Tough-Story-52_9_5-1024x846-2-300x248.jpg 300w, https:\/\/edouardessig.com\/wp-content\/uploads\/2024\/05\/BROWN-A-Tough-Story-52_9_5-1024x846-2-768x635.jpg 768w\" sizes=\"auto, (max-width: 1024px) 100vw, 1024px\" \/><\/figure>\n<\/div>\n<\/div>\n<\/div>\n<\/div><\/div>\n\n\n\n<div class=\"wp-block-group alignfull has-background has-global-padding is-layout-constrained wp-block-group-is-layout-constrained\" style=\"background-color:#f9f6f6\">\n<div class=\"wp-block-group alignwide has-global-padding is-layout-constrained wp-container-core-group-is-layout-b732a9b0 wp-block-group-is-layout-constrained\" style=\"margin-top:0;margin-bottom:0;padding-top:120px;padding-bottom:150px\">\n<h2 class=\"wp-block-heading has-text-align-center has-text-color\" style=\"color:#000000;font-size:clamp(26.465px, 1.654rem + ((1vw - 3.2px) * 2.106), 45px);font-style:normal;font-weight:600\">Les textes disponibles :<\/h2>\n\n\n\n<p class=\"has-text-align-center has-small-font-size\"><em>Cliquez sur les titres pour ouvrir le texte au format PDF dans un nouvel onglet de votre navigateur.<\/em><\/p>\n\n\n\n<div class=\"wp-block-columns has-background is-layout-flex wp-container-core-columns-is-layout-d121b3d4 wp-block-columns-is-layout-flex\" style=\"background-color:#ffffff00;padding-top:80px\">\n<div class=\"wp-block-column is-layout-flow wp-container-core-column-is-layout-3ca914a4 wp-block-column-is-layout-flow\">\n<h6 class=\"wp-block-heading has-text-align-center has-text-color\" style=\"color:#000000;font-size:clamp(14px, 0.875rem + ((1vw - 3.2px) * 0.568), 19px);font-style:normal;font-weight:800\"><a href=\"https:\/\/edouardessig.com\/wp-content\/uploads\/2024\/05\/Rien-quune-simple-constatation.pdf\" data-type=\"link\" data-id=\"https:\/\/edouardessig.com\/wp-content\/uploads\/2024\/05\/Rien-quune-simple-constatation.pdf\" target=\"_blank\" rel=\"noreferrer noopener\">Rien qu&rsquo;une simple <br>constatation<\/a><\/h6>\n\n\n\n<p class=\"justifier has-text-color\" style=\"color:#000000;font-size:clamp(14px, 0.875rem + ((1vw - 3.2px) * 0.227), 16px);\"> Parfois, une sensation t\u00e9moigne plus d&rsquo;une intuition juste qu&rsquo;un fait objectif. Les \u0153uvres n&rsquo;ont pas la valeur qu&rsquo;on leur donne dans la bonne soci\u00e9t\u00e9. Il est important de la constater et de l&rsquo;affirmer. La critique d&rsquo;art est un art difficile.<\/p>\n<\/div>\n\n\n\n<div class=\"wp-block-column is-layout-flow wp-container-core-column-is-layout-3ca914a4 wp-block-column-is-layout-flow\">\n<h6 class=\"wp-block-heading has-text-align-center has-text-color\" style=\"color:#000000;font-size:clamp(14px, 0.875rem + ((1vw - 3.2px) * 0.568), 19px);font-style:normal;font-weight:800\"><a href=\"https:\/\/edouardessig.com\/wp-content\/uploads\/2024\/05\/Sept-fois-trois-est-egal-a-quarante-douze.pdf\" data-type=\"link\" data-id=\"https:\/\/edouardessig.com\/wp-content\/uploads\/2024\/05\/Sept-fois-trois-est-egal-a-quarante-douze.pdf\" target=\"_blank\" rel=\"noreferrer noopener\">Sept fois sept est \u00e9gal \u00e0 quarante douze<\/a><\/h6>\n\n\n\n<p class=\"justifier has-text-color\" style=\"color:#000000;font-size:clamp(14px, 0.875rem + ((1vw - 3.2px) * 0.227), 16px);\">Parfois, tout se passe mal alors que l&rsquo;on obtient que des choses formidables ; \u00e0 une exception pr\u00e8s, celle que l&rsquo;on d\u00e9sire. L&rsquo;impuissance prend alors la forme d&rsquo;un renoncement et d&rsquo;une incapacit\u00e9 \u00e0 s&rsquo;estimer heureux des choses obtenues. <\/p>\n<\/div>\n\n\n\n<div class=\"wp-block-column is-layout-flow wp-container-core-column-is-layout-3ca914a4 wp-block-column-is-layout-flow\">\n<h6 class=\"wp-block-heading has-text-align-center has-text-color\" style=\"color:#000000;font-size:clamp(14px, 0.875rem + ((1vw - 3.2px) * 0.568), 19px);font-style:normal;font-weight:800\"><a href=\"https:\/\/edouardessig.com\/wp-content\/uploads\/2024\/05\/Un-bon-journaliste-verifie-toujours-ses-sources.pdf\" target=\"_blank\" rel=\"noreferrer noopener\">Un bon journaliste v\u00e9rifie toujours ses sources<\/a><\/h6>\n\n\n\n<p class=\"justifier has-text-color\" style=\"color:#000000;font-size:clamp(14px, 0.875rem + ((1vw - 3.2px) * 0.227), 16px);\">Parfois, faire une enqu\u00eate est un exercice dangereux. Tirer sur la bobine des faits peut nous rapprocher de p\u00e9riples bien plus grands alors que l&rsquo;on pensait d\u00e9j\u00e0 affronter le pire. Surtout lorsque la hi\u00e9rarchie vous presse. <\/p>\n<\/div>\n<\/div>\n\n\n\n<div class=\"wp-block-columns is-layout-flex wp-container-core-columns-is-layout-d121b3d4 wp-block-columns-is-layout-flex\" style=\"padding-top:80px\">\n<div class=\"wp-block-column is-layout-flow wp-container-core-column-is-layout-3ca914a4 wp-block-column-is-layout-flow\">\n<h6 class=\"wp-block-heading has-text-align-center has-text-color\" style=\"color:#000000;font-size:clamp(14px, 0.875rem + ((1vw - 3.2px) * 0.568), 19px);font-style:normal;font-weight:800\"><a href=\"https:\/\/edouardessig.com\/wp-content\/uploads\/2024\/06\/La-face-B-Obscure.pdf\" data-type=\"link\" data-id=\"https:\/\/edouardessig.com\/wp-content\/uploads\/2024\/02\/La-face-B-Obscure.pdf\" target=\"_blank\" rel=\"noreferrer noopener\">La face-b obscure<\/a><\/h6>\n\n\n\n<p class=\"justifier has-text-color\" style=\"color:#000000;font-size:clamp(14px, 0.875rem + ((1vw - 3.2px) * 0.227), 16px);\">Parfois, le travail perd son sens. Tout se ligue contre vous et rien ne fonctionne comme il se doit. La seule option devient alors la r\u00e9volte. L&rsquo;envie de tout saboter par le d\u00e9sir de vivre devient une n\u00e9cessit\u00e9 totale. On ne peut pas tout refuser \u00e0 un homme. <\/p>\n<\/div>\n\n\n\n<div class=\"wp-block-column is-layout-flow wp-container-core-column-is-layout-3ca914a4 wp-block-column-is-layout-flow\">\n<h6 class=\"wp-block-heading has-text-align-center has-text-color\" style=\"color:#000000;font-size:clamp(14px, 0.875rem + ((1vw - 3.2px) * 0.568), 19px);font-style:normal;font-weight:800\"><a href=\"https:\/\/edouardessig.com\/wp-content\/uploads\/2024\/05\/Le-courage-des-convictions.pdf\" data-type=\"link\" data-id=\"https:\/\/edouardessig.com\/wp-content\/uploads\/2024\/05\/Rien-quune-simple-constatation.pdf\" target=\"_blank\" rel=\"noreferrer noopener\">Le courage des convictions<\/a><\/h6>\n\n\n\n<p class=\"justifier has-text-color\" style=\"color:#000000;font-size:clamp(14px, 0.875rem + ((1vw - 3.2px) * 0.227), 16px);\">Parfois, il faut savoir partir. Affronter des dangers pire que ceux qui nous font fuir. L&rsquo;escapade devient alors une bravoure, une r\u00e9volte et une posture digne. Il en faut pour se d\u00e9rober et tout l\u00e2cher. Surtout pour affronter la nature sauvage. <\/p>\n<\/div>\n\n\n\n<div class=\"wp-block-column is-layout-flow wp-container-core-column-is-layout-3ca914a4 wp-block-column-is-layout-flow\">\n<h6 class=\"wp-block-heading has-text-align-center has-text-color\" style=\"color:#000000;font-size:clamp(14px, 0.875rem + ((1vw - 3.2px) * 0.568), 19px);font-style:normal;font-weight:800\"><a href=\"https:\/\/edouardessig.com\/wp-content\/uploads\/2024\/05\/Boat-People.pdf\" data-type=\"link\" data-id=\"https:\/\/edouardessig.com\/wp-content\/uploads\/2024\/05\/Boat-People.pdf\" target=\"_blank\" rel=\"noreferrer noopener\">Boat-people<\/a><\/h6>\n\n\n\n<p class=\"justifier has-text-color\" style=\"color:#000000;font-size:clamp(14px, 0.875rem + ((1vw - 3.2px) * 0.227), 16px);\">Parfois, l&rsquo;ennui est le r\u00e9sultat d&rsquo;un divertissement permanent. On peut faire tout ce que l&rsquo;on veut, le monde est d\u00e9senchant\u00e9, rien ne viendra nous sauver de notre tragique existence. Il faudra attendre et laisser les jours passer jusqu&rsquo;\u00e0 la fin. <\/p>\n<\/div>\n<\/div>\n<\/div>\n<\/div>\n\n\n\n<div class=\"wp-block-group alignfull has-background has-global-padding is-layout-constrained wp-container-core-group-is-layout-0117c4cf wp-block-group-is-layout-constrained\" style=\"background-color:#ffffff;padding-top:80px;padding-bottom:80px\">\n<div class=\"wp-block-columns alignwide is-layout-flex wp-container-core-columns-is-layout-28f84493 wp-block-columns-is-layout-flex\">\n<div class=\"wp-block-column is-layout-flow wp-block-column-is-layout-flow\" style=\"padding-right:10px;padding-left:10px;flex-basis:40%\">\n<figure class=\"wp-block-image aligncenter size-full has-custom-border\"><img loading=\"lazy\" decoding=\"async\" width=\"788\" height=\"570\" src=\"https:\/\/edouardessig.com\/wp-content\/uploads\/2024\/05\/19-CLP_788x570_NG3234-1.webp\" alt=\"\" class=\"wp-image-209\" style=\"border-radius:16px;aspect-ratio:4\/3;object-fit:cover\" srcset=\"https:\/\/edouardessig.com\/wp-content\/uploads\/2024\/05\/19-CLP_788x570_NG3234-1.webp 788w, https:\/\/edouardessig.com\/wp-content\/uploads\/2024\/05\/19-CLP_788x570_NG3234-1-300x217.webp 300w, https:\/\/edouardessig.com\/wp-content\/uploads\/2024\/05\/19-CLP_788x570_NG3234-1-768x556.webp 768w\" sizes=\"auto, (max-width: 788px) 100vw, 788px\" \/><\/figure>\n<\/div>\n\n\n\n<div class=\"wp-block-column is-vertically-aligned-center is-layout-flow wp-block-column-is-layout-flow\" style=\"padding-right:10px;padding-left:10px;flex-basis:60%\">\n<div class=\"wp-block-group is-content-justification-center is-nowrap is-layout-flex wp-container-core-group-is-layout-23441af8 wp-block-group-is-layout-flex\">\n<div class=\"wp-block-group has-global-padding is-content-justification-left is-layout-constrained wp-container-core-group-is-layout-fa1486d9 wp-block-group-is-layout-constrained\" style=\"padding-top:30px;padding-bottom:30px\">\n<h4 class=\"wp-block-heading has-text-color has-link-color wp-elements-90ef81390249c2277c3a68fa28d7a449\" style=\"color:#242925;font-size:12px;font-style:normal;font-weight:600;text-transform:uppercase\">\u00e0 venir<\/h4>\n\n\n\n<h2 class=\"wp-block-heading has-text-color has-link-color has-hedvig-letters-serif-regular-font-family wp-elements-68e2607456326d2832c94493dcc9f9c4\" style=\"color:#242925;font-size:clamp(1.502rem, 1.502rem + ((1vw - 0.2rem) * 1.815), 2.5rem);\">L\u00e9g\u00e8rement au-del\u00e0 du cr\u00e9dible<\/h2>\n\n\n\n<p class=\"justifier\" style=\"margin-top:0px;margin-right:0px;margin-bottom:0px;margin-left:0px;padding-top:20px;padding-right:0px;padding-bottom:0px;padding-left:0px\">Un recueil de nouvelles regroupant une s\u00e9rie de textes sur le th\u00e8me de la banalit\u00e9, des choses mornes et distantes.<\/p>\n\n\n\n<p>Les textes ci-dessus sont des extraits du livre \u00e0 venir.<\/p>\n\n\n\n<div class=\"wp-block-buttons is-horizontal is-content-justification-left is-layout-flex wp-container-core-buttons-is-layout-4160120e wp-block-buttons-is-layout-flex\" style=\"margin-top:30px\">\n<div class=\"wp-block-button has-custom-font-size is-style-outline has-work-sans-regular-font-family is-style-outline--1\" style=\"font-size:clamp(0.875rem, 0.875rem + ((1vw - 0.2rem) * 0.227), 1rem);font-style:normal;font-weight:700;line-height:1;text-transform:capitalize\"><a class=\"wp-block-button__link has-text-color has-border-color wp-element-button\" href=\"#\" style=\"border-color:#242925;border-style:solid;border-width:1px;border-radius:2.5rem;color:#242925;padding-top:1.1rem;padding-right:40px;padding-bottom:1.1rem;padding-left:40px\">Bient\u00f4t disponible<\/a><\/div>\n<\/div>\n<\/div>\n<\/div>\n<\/div>\n<\/div>\n<\/div>\n","protected":false},"excerpt":{"rendered":"<p>Les textes disponibles : Cliquez sur les titres pour ouvrir le texte au format PDF dans un nouvel onglet de votre navigateur. Rien qu&rsquo;une simple constatation Parfois, une sensation t\u00e9moigne plus d&rsquo;une intuition juste qu&rsquo;un fait objectif. Les \u0153uvres n&rsquo;ont pas la valeur qu&rsquo;on leur donne dans la bonne soci\u00e9t\u00e9. Il est important de la [&hellip;]<\/p>\n","protected":false},"author":1,"featured_media":0,"parent":0,"menu_order":0,"comment_status":"closed","ping_status":"closed","template":"","meta":{"_editorskit_title_hidden":false,"_editorskit_reading_time":0,"_editorskit_is_block_options_detached":false,"_editorskit_block_options_position":"{}","footnotes":""},"class_list":["post-50","page","type-page","status-publish","hentry"],"_links":{"self":[{"href":"https:\/\/edouardessig.com\/index.php\/wp-json\/wp\/v2\/pages\/50","targetHints":{"allow":["GET"]}}],"collection":[{"href":"https:\/\/edouardessig.com\/index.php\/wp-json\/wp\/v2\/pages"}],"about":[{"href":"https:\/\/edouardessig.com\/index.php\/wp-json\/wp\/v2\/types\/page"}],"author":[{"embeddable":true,"href":"https:\/\/edouardessig.com\/index.php\/wp-json\/wp\/v2\/users\/1"}],"replies":[{"embeddable":true,"href":"https:\/\/edouardessig.com\/index.php\/wp-json\/wp\/v2\/comments?post=50"}],"version-history":[{"count":32,"href":"https:\/\/edouardessig.com\/index.php\/wp-json\/wp\/v2\/pages\/50\/revisions"}],"predecessor-version":[{"id":403,"href":"https:\/\/edouardessig.com\/index.php\/wp-json\/wp\/v2\/pages\/50\/revisions\/403"}],"wp:attachment":[{"href":"https:\/\/edouardessig.com\/index.php\/wp-json\/wp\/v2\/media?parent=50"}],"curies":[{"name":"wp","href":"https:\/\/api.w.org\/{rel}","templated":true}]}}