{"id":187,"date":"2024-05-27T14:35:23","date_gmt":"2024-05-27T12:35:23","guid":{"rendered":"http:\/\/edouardessig.com\/?page_id=187"},"modified":"2024-09-01T21:54:45","modified_gmt":"2024-09-01T19:54:45","slug":"articles","status":"publish","type":"page","link":"https:\/\/edouardessig.com\/index.php\/articles\/","title":{"rendered":"Articles &amp; Actualit\u00e9s"},"content":{"rendered":"\n<div class=\"wp-block-cover alignfull is-light has-parallax has-link-color has-medium-font-size wp-elements-1d50a167cca024310b1cccacc4a9ddd5 wp-duotone-unset-1\" style=\"border-style:none;border-width:0px;border-radius:0px;margin-top:0;margin-bottom:0;padding-top:86px;padding-right:0;padding-bottom:73px;padding-left:0;min-height:587px;aspect-ratio:unset;\"><span aria-hidden=\"true\" class=\"wp-block-cover__background has-white-background-color has-background-dim\"><\/span><div class=\"wp-block-cover__image-background wp-image-292 has-parallax\" style=\"background-position:50% 50%;background-image:url(https:\/\/edouardessig.com\/wp-content\/uploads\/2024\/05\/maxpeopleworld8490211.png)\"><\/div><div class=\"wp-block-cover__inner-container has-global-padding is-layout-constrained wp-container-core-cover-is-layout-86e6d4a2 wp-block-cover-is-layout-constrained\">\n<div style=\"height:150px\" aria-hidden=\"true\" class=\"wp-block-spacer\"><\/div>\n\n\n\n<h1 class=\"wp-block-heading has-text-align-center has-text-color has-background has-link-color has-hedvig-letters-serif-regular-font-family wp-elements-8788e422b80c8cc7eafbbaeaa10d4e52\" style=\"color:#050505;background-color:#edc7c700;font-size:clamp(46.18px, 2.886rem + ((1vw - 3.2px) * 4.98), 90px);font-style:normal;font-weight:800\">Derniers articles &amp; autres actualit\u00e9s<\/h1>\n<\/div><\/div>\n\n\n\n<div class=\"wp-block-group alignfull is-content-justification-center is-nowrap is-layout-flex wp-container-core-group-is-layout-23441af8 wp-block-group-is-layout-flex\">\n<div class=\"wp-block-group alignfull is-style-header-fixed is-vertical is-layout-flex wp-container-core-group-is-layout-df3e2547 wp-block-group-is-layout-flex\" style=\"padding-top:80px;padding-right:20px;padding-bottom:100px;padding-left:20px\">\n<div class=\"wp-block-columns is-layout-flex wp-container-core-columns-is-layout-c82ef4ac wp-block-columns-is-layout-flex\" style=\"padding-top:0px;padding-right:0px;padding-bottom:0px;padding-left:0px\">\n<div class=\"wp-block-column is-layout-flow wp-block-column-is-layout-flow\">\n<div class=\"wp-block-group has-global-padding is-layout-constrained wp-container-core-group-is-layout-bbbc15a2 wp-block-group-is-layout-constrained\" style=\"padding-top:0px;padding-right:0px;padding-bottom:0px;padding-left:0px\">\n<h3 class=\"wp-block-heading has-text-color has-link-color has-prata-regular-font-family wp-elements-af2a4b6bdd9b14e9e375be803df40f9c\" style=\"color:#07277c;padding-bottom:30px;text-transform:capitalize\">Deniers articles<\/h3>\n\n\n\n<div class=\"wp-block-query is-layout-flow wp-block-query-is-layout-flow\"><ul class=\"wp-block-post-template is-layout-flow wp-container-core-post-template-is-layout-24bb66b9 wp-block-post-template-is-layout-flow\"><li class=\"wp-block-post post-379 post type-post status-publish format-standard hentry category-actualites\">\n\n<div class=\"wp-block-columns is-layout-flex wp-container-core-columns-is-layout-6127943d wp-block-columns-is-layout-flex\">\n<div class=\"wp-block-column is-layout-flow wp-block-column-is-layout-flow\" style=\"flex-basis:30%\">\n<div class=\"wp-block-group has-global-padding is-layout-constrained wp-block-group-is-layout-constrained\">\n<div class=\"wp-block-columns is-layout-flex wp-container-core-columns-is-layout-28f84493 wp-block-columns-is-layout-flex\">\n<div class=\"wp-block-column is-layout-flow wp-block-column-is-layout-flow\" style=\"flex-basis:100%\"><\/div>\n<\/div>\n\n\n\n<figure class=\"wp-block-image size-full\"><img loading=\"lazy\" decoding=\"async\" width=\"768\" height=\"512\" src=\"https:\/\/edouardessig.com\/wp-content\/uploads\/2024\/05\/7c0394da0e6226b4f99199d9431bcd67185dc18c_2000x2000.webp\" alt=\"\" class=\"wp-image-301\" srcset=\"https:\/\/edouardessig.com\/wp-content\/uploads\/2024\/05\/7c0394da0e6226b4f99199d9431bcd67185dc18c_2000x2000.webp 768w, https:\/\/edouardessig.com\/wp-content\/uploads\/2024\/05\/7c0394da0e6226b4f99199d9431bcd67185dc18c_2000x2000-300x200.webp 300w\" sizes=\"auto, (max-width: 768px) 100vw, 768px\" \/><\/figure>\n<\/div>\n<\/div>\n\n\n\n<div class=\"wp-block-column is-layout-flow wp-container-core-column-is-layout-2785ee97 wp-block-column-is-layout-flow\" style=\"padding-top:0px;flex-basis:66.66%\"><h2 style=\"color:#07277c; font-size:clamp(17.905px, 1.119rem + ((1vw - 3.2px) * 1.147), 28px); margin-bottom:15px;margin-top:10px;\" class=\"has-link-color wp-elements-d20608a3921fdfbd09b055e324b6e82c wp-block-post-title has-text-color has-prata-regular-font-family\"><a href=\"https:\/\/edouardessig.com\/index.php\/2024\/09\/01\/dans-nos-tetes-au-moment-de-lancer-zero-edition\/\" target=\"_self\" >Dans nos t\u00eates au moment de lancer Z\u00e9ro \u00c9dition<\/a><\/h2>\n\n<div style=\"color:#07277c; font-size:14px; margin-top:0px;margin-right:0px;margin-bottom:0px;margin-left:0px;\" class=\"has-link-color wp-elements-83fb471f53e3badcdbc9021720bae601 wp-block-post-date has-text-color\"><time datetime=\"2024-09-01T21:36:29+02:00\">09\/01\/2024<\/time><\/div>\n\n<div style=\"color:#737171; font-size:clamp(14px, 0.875rem + ((1vw - 3.2px) * 0.227), 16px);\" class=\"has-link-color wp-elements-6c37a82a0bd85ed96ce1abcedd005a1a wp-block-post-excerpt has-text-color\"><p class=\"wp-block-post-excerpt__excerpt\">Un mot sur l&rsquo;aventure Z\u00e9ro \u00c9dition et son origine. Un constat simple \u00e0 dresser assorti d&rsquo;une audace qui devrait \u00eatre commune. <\/p><\/div>\n\n<a style=\"color:#07277c; font-size:14px; margin-top:15px;\" class=\"wp-elements-db2a92c4472bd0bc31836db89fdcc10d wp-block-read-more has-text-color\" href=\"https:\/\/edouardessig.com\/index.php\/2024\/09\/01\/dans-nos-tetes-au-moment-de-lancer-zero-edition\/\" target=\"_self\">LIRE EN ENTIER \u2192<span class=\"screen-reader-text\">\u00a0: Dans nos t\u00eates au moment de lancer Z\u00e9ro \u00c9dition<\/span><\/a><\/div>\n<\/div>\n\n\n\n<hr class=\"wp-block-separator has-text-color has-alpha-channel-opacity has-background is-style-wide\" style=\"margin-top:50px;margin-bottom:50px;background-color:#ebe9e9;color:#ebe9e9\"\/>\n\n<\/li><li class=\"wp-block-post post-1 post type-post status-publish format-standard hentry category-actualites\">\n\n<div class=\"wp-block-columns is-layout-flex wp-container-core-columns-is-layout-6127943d wp-block-columns-is-layout-flex\">\n<div class=\"wp-block-column is-layout-flow wp-block-column-is-layout-flow\" style=\"flex-basis:30%\">\n<div class=\"wp-block-group has-global-padding is-layout-constrained wp-block-group-is-layout-constrained\">\n<div class=\"wp-block-columns is-layout-flex wp-container-core-columns-is-layout-28f84493 wp-block-columns-is-layout-flex\">\n<div class=\"wp-block-column is-layout-flow wp-block-column-is-layout-flow\" style=\"flex-basis:100%\"><\/div>\n<\/div>\n\n\n\n<figure class=\"wp-block-image size-full\"><img loading=\"lazy\" decoding=\"async\" width=\"768\" height=\"512\" src=\"https:\/\/edouardessig.com\/wp-content\/uploads\/2024\/05\/7c0394da0e6226b4f99199d9431bcd67185dc18c_2000x2000.webp\" alt=\"\" class=\"wp-image-301\" srcset=\"https:\/\/edouardessig.com\/wp-content\/uploads\/2024\/05\/7c0394da0e6226b4f99199d9431bcd67185dc18c_2000x2000.webp 768w, https:\/\/edouardessig.com\/wp-content\/uploads\/2024\/05\/7c0394da0e6226b4f99199d9431bcd67185dc18c_2000x2000-300x200.webp 300w\" sizes=\"auto, (max-width: 768px) 100vw, 768px\" \/><\/figure>\n<\/div>\n<\/div>\n\n\n\n<div class=\"wp-block-column is-layout-flow wp-container-core-column-is-layout-2785ee97 wp-block-column-is-layout-flow\" style=\"padding-top:0px;flex-basis:66.66%\"><h2 style=\"color:#07277c; font-size:clamp(17.905px, 1.119rem + ((1vw - 3.2px) * 1.147), 28px); margin-bottom:15px;margin-top:10px;\" class=\"has-link-color wp-elements-d20608a3921fdfbd09b055e324b6e82c wp-block-post-title has-text-color has-prata-regular-font-family\"><a href=\"https:\/\/edouardessig.com\/index.php\/2024\/05\/28\/en-ligne\/\" target=\"_self\" >Le site est en ligne !<\/a><\/h2>\n\n<div style=\"color:#07277c; font-size:14px; margin-top:0px;margin-right:0px;margin-bottom:0px;margin-left:0px;\" class=\"has-link-color wp-elements-83fb471f53e3badcdbc9021720bae601 wp-block-post-date has-text-color\"><time datetime=\"2024-05-28T16:32:44+02:00\">05\/28\/2024<\/time><\/div>\n\n<div style=\"color:#737171; font-size:clamp(14px, 0.875rem + ((1vw - 3.2px) * 0.227), 16px);\" class=\"has-link-color wp-elements-6c37a82a0bd85ed96ce1abcedd005a1a wp-block-post-excerpt has-text-color\"><p class=\"wp-block-post-excerpt__excerpt\">Apr\u00e8s un long travail dans l&rsquo;ombre de WordPress, des feuilles HTML, CSS et des tutoriels YouTube pour construire un site, je suis content d&rsquo;annoncer que : www.edouardessig.com est en ligne ! <\/p><\/div>\n\n<a style=\"color:#07277c; font-size:14px; margin-top:15px;\" class=\"wp-elements-db2a92c4472bd0bc31836db89fdcc10d wp-block-read-more has-text-color\" href=\"https:\/\/edouardessig.com\/index.php\/2024\/05\/28\/en-ligne\/\" target=\"_self\">LIRE EN ENTIER \u2192<span class=\"screen-reader-text\">\u00a0: Le site est en ligne !<\/span><\/a><\/div>\n<\/div>\n\n\n\n<hr class=\"wp-block-separator has-text-color has-alpha-channel-opacity has-background is-style-wide\" style=\"margin-top:50px;margin-bottom:50px;background-color:#ebe9e9;color:#ebe9e9\"\/>\n\n<\/li><\/ul>\n\n<\/div>\n\n\n\n<p><\/p>\n<\/div>\n<\/div>\n<\/div>\n<\/div>\n<\/div>\n","protected":false},"excerpt":{"rendered":"<p>Deniers articles<\/p>\n","protected":false},"author":1,"featured_media":0,"parent":0,"menu_order":0,"comment_status":"closed","ping_status":"closed","template":"","meta":{"_editorskit_title_hidden":false,"_editorskit_reading_time":0,"_editorskit_is_block_options_detached":false,"_editorskit_block_options_position":"{}","footnotes":""},"class_list":["post-187","page","type-page","status-publish","hentry"],"_links":{"self":[{"href":"https:\/\/edouardessig.com\/index.php\/wp-json\/wp\/v2\/pages\/187","targetHints":{"allow":["GET"]}}],"collection":[{"href":"https:\/\/edouardessig.com\/index.php\/wp-json\/wp\/v2\/pages"}],"about":[{"href":"https:\/\/edouardessig.com\/index.php\/wp-json\/wp\/v2\/types\/page"}],"author":[{"embeddable":true,"href":"https:\/\/edouardessig.com\/index.php\/wp-json\/wp\/v2\/users\/1"}],"replies":[{"embeddable":true,"href":"https:\/\/edouardessig.com\/index.php\/wp-json\/wp\/v2\/comments?post=187"}],"version-history":[{"count":23,"href":"https:\/\/edouardessig.com\/index.php\/wp-json\/wp\/v2\/pages\/187\/revisions"}],"predecessor-version":[{"id":398,"href":"https:\/\/edouardessig.com\/index.php\/wp-json\/wp\/v2\/pages\/187\/revisions\/398"}],"wp:attachment":[{"href":"https:\/\/edouardessig.com\/index.php\/wp-json\/wp\/v2\/media?parent=187"}],"curies":[{"name":"wp","href":"https:\/\/api.w.org\/{rel}","templated":true}]}}